{"id":499,"date":"2021-11-11T20:04:14","date_gmt":"2021-11-11T20:04:14","guid":{"rendered":"https:\/\/prc.internationalneeds.global\/?page_id=499"},"modified":"2021-11-11T20:43:06","modified_gmt":"2021-11-11T20:43:06","slug":"prc-login","status":"publish","type":"page","link":"https:\/\/prc.internationalneeds.global\/cs\/prc-login\/","title":{"rendered":"P\u0159ihl\u00e1\u0161en\u00ed do centra partnersk\u00fdch zdroj\u016f"},"content":{"rendered":"<p class=\"has-text-align-center\">Tato str\u00e1nka je ur\u010dena pro v\u00fdhradn\u00ed a autorizovan\u00e9 pou\u017eit\u00ed International Needs. Jak\u00fdkoli jin\u00fd p\u0159\u00edstup, \u00famysln\u00fd nebo jin\u00fd, je zak\u00e1z\u00e1n. <\/p>\n\n\n\n<p class=\"has-text-align-center\">Respektujte pros\u00edm soukrom\u00ed t\u011bch, kter\u00fdm slou\u017e\u00edme. D\u011bkuji!<\/p>\n\n\n\n<p><em>Chcete-li po\u017e\u00e1dat o p\u0159\u00edstup, pou\u017eijte n\u00ed\u017ee uveden\u00fd odkaz \u201eZaregistrovat se\u201c.<\/em><\/p>\n\n\n\n<div class=\"tml tml-login\">\n<div class=\"tml-alerts\"><\/div><form name=\"login\" action=\"https:\/\/prc.internationalneeds.global\/cs\/prc-login\/\" method=\"post\">\n<div class=\"tml-field-wrap tml-log-wrap\">\n<label class=\"tml-label\" for=\"user_login\">U\u017eivatelsk\u00e9 jm\u00e9no nebo e-mail<\/label>\n<input name=\"log\" type=\"text\" value=\"\" id=\"user_login\" autocapitalize=\"off\" class=\"tml-field\">\n<\/div>\n\n<div class=\"tml-field-wrap tml-pwd-wrap\">\n<label class=\"tml-label\" for=\"user_pass\">Heslo<\/label>\n<input name=\"pwd\" type=\"password\" value=\"\" id=\"user_pass\" class=\"tml-field\">\n<\/div>\n\n\n<div class=\"tml-field-wrap tml-rememberme-wrap\">\n<input name=\"rememberme\" type=\"checkbox\" value=\"forever\" id=\"rememberme\" class=\"tml-checkbox\">\n<label class=\"tml-label\" for=\"rememberme\">Pamatovat si m\u011b<\/label>\n<\/div>\n\n<div class=\"tml-field-wrap tml-submit-wrap\">\n<button name=\"submit\" type=\"submit\" class=\"tml-button\">P\u0159ihl\u00e1sit se<\/button>\n<\/div>\n\n<input name=\"redirect_to\" type=\"hidden\" value=\"https:\/\/prc.internationalneeds.global\/wp-admin\/\">\n\n<\/form>\n<ul class=\"tml-links\"><li class=\"tml-register-link\"><a href=\"https:\/\/prc.internationalneeds.global\/cs\/request-partner-resource-centre-access\/\">Registrace<\/a><\/li><li class=\"tml-lostpassword-link\"><a href=\"https:\/\/prc.internationalneeds.global\/cs\/lostpassword\/\">Zapomn\u011bli jste heslo?<\/a><\/li><\/ul><\/div>","protected":false},"excerpt":{"rendered":"<p>Tato str\u00e1nka je ur\u010dena pro v\u00fdhradn\u00ed a autorizovan\u00e9 pou\u017eit\u00ed International Needs. Jak\u00fdkoli jin\u00fd p\u0159\u00edstup, \u00famysln\u00fd nebo jin\u00fd, je zak\u00e1z\u00e1n. Respektujte pros\u00edm soukrom\u00ed t\u011bch, kter\u00fdm slou\u017e\u00edme. D\u011bkuji! Chcete-li po\u017e\u00e1dat o p\u0159\u00edstup, pou\u017eijte n\u00ed\u017ee uveden\u00fd odkaz \u201eZaregistrovat se\u201c.<\/p>","protected":false},"author":1,"featured_media":0,"parent":0,"menu_order":0,"comment_status":"closed","ping_status":"closed","template":"","meta":{"_eb_attr":"","_uag_custom_page_level_css":"","_lmt_disableupdate":"","_lmt_disable":"","neve_meta_sidebar":"","neve_meta_container":"","neve_meta_enable_content_width":"","neve_meta_content_width":0,"neve_meta_title_alignment":"","neve_meta_author_avatar":"","neve_post_elements_order":"","neve_meta_disable_header":"","neve_meta_disable_footer":"","neve_meta_disable_title":"","footnotes":""},"class_list":["post-499","page","type-page","status-publish","hentry"],"acf":[],"uagb_featured_image_src":{"full":false,"thumbnail":false,"medium":false,"medium_large":false,"large":false,"1536x1536":false,"2048x2048":false,"trp-custom-language-flag":false,"neve-blog":false},"uagb_author_info":{"display_name":"irving","author_link":"https:\/\/prc.internationalneeds.global\/cs\/author\/irving\/"},"uagb_comment_info":0,"uagb_excerpt":"This site is the for the exclusive and authorized-only use of International Needs. Any other access, intentional or otherwise, is prohibited. Please respect the privacy of those we serve. Thank-you! To request access, please use the &#8216;Register&#8217; link below.","_links":{"self":[{"href":"https:\/\/prc.internationalneeds.global\/cs\/wp-json\/wp\/v2\/pages\/499","targetHints":{"allow":["GET"]}}],"collection":[{"href":"https:\/\/prc.internationalneeds.global\/cs\/wp-json\/wp\/v2\/pages"}],"about":[{"href":"https:\/\/prc.internationalneeds.global\/cs\/wp-json\/wp\/v2\/types\/page"}],"author":[{"embeddable":true,"href":"https:\/\/prc.internationalneeds.global\/cs\/wp-json\/wp\/v2\/users\/1"}],"replies":[{"embeddable":true,"href":"https:\/\/prc.internationalneeds.global\/cs\/wp-json\/wp\/v2\/comments?post=499"}],"version-history":[{"count":5,"href":"https:\/\/prc.internationalneeds.global\/cs\/wp-json\/wp\/v2\/pages\/499\/revisions"}],"predecessor-version":[{"id":509,"href":"https:\/\/prc.internationalneeds.global\/cs\/wp-json\/wp\/v2\/pages\/499\/revisions\/509"}],"wp:attachment":[{"href":"https:\/\/prc.internationalneeds.global\/cs\/wp-json\/wp\/v2\/media?parent=499"}],"curies":[{"name":"wp","href":"https:\/\/api.w.org\/{rel}","templated":true}]}}