{"id":14,"date":"2021-10-25T14:13:34","date_gmt":"2021-10-25T18:13:34","guid":{"rendered":"https:\/\/prc.internationalneeds.global\/?page_id=14"},"modified":"2025-07-09T19:14:18","modified_gmt":"2025-07-09T14:14:18","slug":"home","status":"publish","type":"page","link":"https:\/\/prc.internationalneeds.global\/fr\/","title":{"rendered":"HomeTest2"},"content":{"rendered":"<div data-elementor-type=\"wp-page\" data-elementor-id=\"14\" class=\"elementor elementor-14\">\n\t\t\t\t<div class=\"elementor-element elementor-element-f4cb20c e-flex e-con-boxed e-con e-parent\" data-id=\"f4cb20c\" data-element_type=\"container\" data-settings=\"{&quot;background_background&quot;:&quot;classic&quot;}\">\n\t\t\t\t\t<div class=\"e-con-inner\">\n\t\t<div class=\"elementor-element elementor-element-1f22cfd e-con-full e-flex e-con e-child\" data-id=\"1f22cfd\" data-element_type=\"container\">\n\t\t\t\t<\/div>\n\t\t\t\t\t<\/div>\n\t\t\t\t<\/div>\n\t\t<div class=\"elementor-element elementor-element-d6e4e5f e-flex e-con-boxed e-con e-parent\" data-id=\"d6e4e5f\" data-element_type=\"container\" data-settings=\"{&quot;background_background&quot;:&quot;classic&quot;}\">\n\t\t\t\t\t<div class=\"e-con-inner\">\n\t\t<div class=\"elementor-element elementor-element-b645346 e-con-full e-flex e-con e-child\" data-id=\"b645346\" data-element_type=\"container\">\n\t\t\t\t<div class=\"elementor-element elementor-element-ca66f92 elementor-widget elementor-widget-heading\" data-id=\"ca66f92\" data-element_type=\"widget\" data-widget_type=\"heading.default\">\n\t\t\t\t<div class=\"elementor-widget-container\">\n\t\t\t\t\t<h2 class=\"elementor-heading-title elementor-size-default\">International Needs Inc.<\/h2>\t\t\t\t<\/div>\n\t\t\t\t<\/div>\n\t\t\t\t<div class=\"elementor-element elementor-element-6302861 elementor-widget elementor-widget-text-editor\" data-id=\"6302861\" data-element_type=\"widget\" data-widget_type=\"text-editor.default\">\n\t\t\t\t<div class=\"elementor-widget-container\">\n\t\t\t\t\t\t\t\t\t<p>98, avenue Birch,<span class=\"Apple-converted-space\">\u00a0<br \/><\/span>Jud\u00e9e, Tauranga 3110<br \/>Nouvelle-Z\u00e9lande<br \/><br \/>Courriel : office@internationalneeds.global<\/p>\t\t\t\t\t\t\t\t<\/div>\n\t\t\t\t<\/div>\n\t\t\t\t<div class=\"elementor-element elementor-element-e91648f elementor-widget elementor-widget-heading\" data-id=\"e91648f\" data-element_type=\"widget\" data-widget_type=\"heading.default\">\n\t\t\t\t<div class=\"elementor-widget-container\">\n\t\t\t\t\t<h2 class=\"elementor-heading-title elementor-size-default\">Droits d&#039;auteur<\/h2>\t\t\t\t<\/div>\n\t\t\t\t<\/div>\n\t\t\t\t<div class=\"elementor-element elementor-element-82476f9 elementor-widget elementor-widget-text-editor\" data-id=\"82476f9\" data-element_type=\"widget\" data-widget_type=\"text-editor.default\">\n\t\t\t\t<div class=\"elementor-widget-container\">\n\t\t\t\t\t\t\t\t\t<p>Toutes les images, documents et histoires de ce site web appartiennent au Partenariat mondial IN et sont destin\u00e9s \u00e0 \u00eatre utilis\u00e9s uniquement par ses membres. Aucune partie de ce site ne doit \u00eatre utilis\u00e9e de quelque mani\u00e8re que ce soit sans l&#039;approbation du Bureau mondial.<\/p>\t\t\t\t\t\t\t\t<\/div>\n\t\t\t\t<\/div>\n\t\t\t\t<\/div>\n\t\t<div class=\"elementor-element elementor-element-15ad451 e-con-full e-flex e-con e-child\" data-id=\"15ad451\" data-element_type=\"container\">\n\t\t\t\t<\/div>\n\t\t\t\t\t<\/div>\n\t\t\t\t<\/div>\n\t\t\t\t<\/div>","protected":false},"excerpt":{"rendered":"<p>International Needs Inc. 98 Birch Avenue, Judea, Tauranga 3110 Nouvelle-Z\u00e9lande Courriel\u00a0: office@internationalneeds.global Droits d&#039;auteur\u00a0: Toutes les images, documents et histoires de ce site web appartiennent au Partenariat mondial IN et sont destin\u00e9s \u00e0 \u00eatre utilis\u00e9s uniquement par ses membres. Aucune partie de ce site ne doit \u00eatre utilis\u00e9e de quelque mani\u00e8re que ce soit sans l&#039;approbation du Bureau mondial.<\/p>","protected":false},"author":1,"featured_media":0,"parent":0,"menu_order":0,"comment_status":"closed","ping_status":"closed","template":"page-templates\/template-pagebuilder-full-width.php","meta":{"_eb_attr":"","_uag_custom_page_level_css":"","_lmt_disableupdate":"","_lmt_disable":"","neve_meta_sidebar":"","neve_meta_container":"","neve_meta_enable_content_width":"on","neve_meta_content_width":81,"neve_meta_title_alignment":"center","neve_meta_author_avatar":"","neve_post_elements_order":"","neve_meta_disable_header":"off","neve_meta_disable_footer":"","neve_meta_disable_title":"on","footnotes":""},"class_list":["post-14","page","type-page","status-publish","hentry"],"acf":[],"uagb_featured_image_src":{"full":false,"thumbnail":false,"medium":false,"medium_large":false,"large":false,"1536x1536":false,"2048x2048":false,"trp-custom-language-flag":false,"neve-blog":false},"uagb_author_info":{"display_name":"irving","author_link":"https:\/\/prc.internationalneeds.global\/fr\/author\/irving\/"},"uagb_comment_info":0,"uagb_excerpt":"International Needs Inc. 98 Birch Avenue,\u00a0Judea, Tauranga 3110New Zealand Email: office@internationalneeds.global Copyright All images, materials and stories from this website \u00a0belong to the IN Global Partnership, intended for use only by members of the IN Global Partnership. No part of it \u00a0should be used in any way without the approval of the Gobal Office.","_links":{"self":[{"href":"https:\/\/prc.internationalneeds.global\/fr\/wp-json\/wp\/v2\/pages\/14","targetHints":{"allow":["GET"]}}],"collection":[{"href":"https:\/\/prc.internationalneeds.global\/fr\/wp-json\/wp\/v2\/pages"}],"about":[{"href":"https:\/\/prc.internationalneeds.global\/fr\/wp-json\/wp\/v2\/types\/page"}],"author":[{"embeddable":true,"href":"https:\/\/prc.internationalneeds.global\/fr\/wp-json\/wp\/v2\/users\/1"}],"replies":[{"embeddable":true,"href":"https:\/\/prc.internationalneeds.global\/fr\/wp-json\/wp\/v2\/comments?post=14"}],"version-history":[{"count":101,"href":"https:\/\/prc.internationalneeds.global\/fr\/wp-json\/wp\/v2\/pages\/14\/revisions"}],"predecessor-version":[{"id":4136,"href":"https:\/\/prc.internationalneeds.global\/fr\/wp-json\/wp\/v2\/pages\/14\/revisions\/4136"}],"wp:attachment":[{"href":"https:\/\/prc.internationalneeds.global\/fr\/wp-json\/wp\/v2\/media?parent=14"}],"curies":[{"name":"wp","href":"https:\/\/api.w.org\/{rel}","templated":true}]}}